{"id":9907,"date":"2020-09-14T15:33:11","date_gmt":"2021-09-28T09:29:25","guid":{"rendered":"http:\/\/icemallorca.com\/product\/crushed-ice\/"},"modified":"2023-06-06T13:25:44","modified_gmt":"2023-06-06T11:25:44","slug":"crushed-ice","status":"publish","type":"product","link":"https:\/\/icemallorca.com\/de\/produkt\/crushed-ice\/","title":{"rendered":"Crushed Ice"},"content":{"rendered":"<p>[et_pb_section fb_built=&#8220;1&#8243; _builder_version=&#8220;4.16&#8243; _module_preset=&#8220;default&#8220; custom_margin=&#8220;-50px||||false|false&#8220; custom_padding=&#8220;13px||||false|false&#8220; global_colors_info=&#8220;{}&#8220;][et_pb_row _builder_version=&#8220;4.16&#8243; _module_preset=&#8220;default&#8220; custom_padding=&#8220;60px||||false|false&#8220; global_colors_info=&#8220;{}&#8220;][et_pb_column type=&#8220;4_4&#8243; _builder_version=&#8220;4.16&#8243; _module_preset=&#8220;default&#8220; global_colors_info=&#8220;{}&#8220;][et_pb_wc_cart_notice _builder_version=&#8220;4.16&#8243; _module_preset=&#8220;default&#8220; title_font=&#8220;Poppins|600|||||||&#8220; title_font_size=&#8220;14px&#8220; title_letter_spacing=&#8220;2px&#8220; custom_button=&#8220;on&#8220; button_text_size=&#8220;14px&#8220; button_text_color=&#8220;#ffffff&#8220; button_border_color=&#8220;rgba(0,0,0,0)&#8220; button_border_radius=&#8220;0px&#8220; button_letter_spacing=&#8220;6px&#8220; button_font=&#8220;Poppins|600|||||||&#8220; body_font=&#8220;Poppins|600|||||||&#8220; body_font_size=&#8220;14px&#8220; body_letter_spacing=&#8220;2px&#8220; global_colors_info=&#8220;{}&#8220;][\/et_pb_wc_cart_notice][\/et_pb_column][\/et_pb_row][et_pb_row column_structure=&#8220;1_2,1_2&#8243; _builder_version=&#8220;4.16&#8243; _module_preset=&#8220;default&#8220; custom_margin=&#8220;||||false|false&#8220; global_colors_info=&#8220;{}&#8220;][et_pb_column type=&#8220;1_2&#8243; _builder_version=&#8220;4.16&#8243; _module_preset=&#8220;default&#8220; global_colors_info=&#8220;{}&#8220;][et_pb_wc_images _builder_version=&#8220;4.16&#8243; _module_preset=&#8220;default&#8220; sale_badge_font=&#8220;Poppins||||||||&#8220; global_colors_info=&#8220;{}&#8220;][\/et_pb_wc_images][\/et_pb_column][et_pb_column type=&#8220;1_2&#8243; _builder_version=&#8220;4.16&#8243; _module_preset=&#8220;default&#8220; global_colors_info=&#8220;{}&#8220;][et_pb_wc_title _builder_version=&#8220;4.16&#8243; _module_preset=&#8220;default&#8220; header_font=&#8220;Poppins|600|||||||&#8220; header_text_color=&#8220;#333333&#8243; header_font_size=&#8220;40px&#8220; header_letter_spacing=&#8220;2px&#8220; custom_margin=&#8220;20px||||false|false&#8220; global_colors_info=&#8220;{}&#8220;][\/et_pb_wc_title][et_pb_wc_description _builder_version=&#8220;4.16&#8243; _module_preset=&#8220;default&#8220; body_font=&#8220;Poppins||||||||&#8220; body_text_color=&#8220;#333333&#8243; body_font_size=&#8220;13px&#8220; body_letter_spacing=&#8220;1px&#8220; header_font=&#8220;Poppins||||||||&#8220; header_text_color=&#8220;#333333&#8243; custom_margin=&#8220;||63px||false|false&#8220; global_colors_info=&#8220;{}&#8220;][\/et_pb_wc_description][et_pb_wc_add_to_cart _builder_version=&#8220;4.16&#8243; _module_preset=&#8220;default&#8220; fields_background_color=&#8220;#ffffff&#8220; fields_text_color=&#8220;#0096df&#8220; fields_focus_background_color=&#8220;#ffffff&#8220; fields_focus_text_color=&#8220;#0096df&#8220; field_label_font=&#8220;Poppins|600|||||||&#8220; field_label_text_color=&#8220;#333333&#8243; field_label_font_size=&#8220;13px&#8220; field_label_letter_spacing=&#8220;2px&#8220; fields_font=&#8220;Poppins|700|||||||&#8220; fields_font_size=&#8220;14px&#8220; custom_button=&#8220;on&#8220; button_text_size=&#8220;11px&#8220; button_text_color=&#8220;#ffffff&#8220; button_bg_color=&#8220;#0096df&#8220; button_border_width=&#8220;12px&#8220; button_border_radius=&#8220;1px&#8220; button_letter_spacing=&#8220;2px&#8220; button_font=&#8220;Poppins|700|||||||&#8220; button_icon_color=&#8220;#ffffff&#8220; min_height=&#8220;80px&#8220; custom_margin=&#8220;-42px|||||&#8220; border_radii_fields=&#8220;off|0px|0px|0px|0px&#8220; border_width_all_fields=&#8220;2px&#8220; border_color_all_fields=&#8220;#0096df&#8220; body_font=&#8220;Poppins|600|||||||&#8220; body_text_color=&#8220;#333333&#8243; body_font_size=&#8220;13px&#8220; body_letter_spacing=&#8220;2px&#8220; global_colors_info=&#8220;{}&#8220;][\/et_pb_wc_add_to_cart][\/et_pb_column][\/et_pb_row][et_pb_row column_structure=&#8220;1_2,1_2&#8243; _builder_version=&#8220;4.16&#8243; custom_margin=&#8220;|||auto|false|false&#8220; locked=&#8220;off&#8220; global_colors_info=&#8220;{}&#8220; global_module=&#8220;28844&#8243; saved_tabs=&#8220;all&#8220;][et_pb_column type=&#8220;1_2&#8243; _builder_version=&#8220;4.16&#8243; custom_padding=&#8220;|||&#8220; global_colors_info=&#8220;{}&#8220; custom_padding__hover=&#8220;|||&#8220;][et_pb_toggle title=&#8220;Informationen&#8220; open_toggle_text_color=&#8220;#333333&#8243; open_toggle_background_color=&#8220;#f2f7f8&#8243; closed_toggle_text_color=&#8220;#333333&#8243; closed_toggle_background_color=&#8220;#f2f7f8&#8243; icon_color=&#8220;#0096df&#8220; open_icon_color=&#8220;#0096df&#8220; module_class=&#8220;Togglekat&#8220; _builder_version=&#8220;4.21.0&#8243; title_text_color=&#8220;#333333&#8243; title_font=&#8220;Poppins|600||on|||||&#8220; title_font_size=&#8220;14px&#8220; title_letter_spacing=&#8220;2px&#8220; closed_title_font=&#8220;Poppins||||||||&#8220; closed_title_font_size=&#8220;14px&#8220; closed_title_letter_spacing=&#8220;2px&#8220; body_font=&#8220;Poppins||||||||&#8220; body_text_align=&#8220;left&#8220; body_text_color=&#8220;#333333&#8243; body_font_size=&#8220;14px&#8220; body_letter_spacing=&#8220;1px&#8220; body_line_height=&#8220;1.3em&#8220; text_orientation=&#8220;left&#8220; hover_enabled=&#8220;0&#8243; border_color_all=&#8220;#efefef&#8220; global_colors_info=&#8220;{}&#8220; sticky_enabled=&#8220;0&#8243;]<span style=\"text-decoration: underline;\"><strong>Wie lange halten die Eisw\u00fcrfel in einem Thermofass?<\/strong><\/span><\/p>\n<p>Im Durchschnitt halten die Eisw\u00fcrfel ca. 2-3 Tage. Je nach Klima empfehlen wir daher, sie nicht l\u00e4nger als 2-3 Tage im Beh\u00e4lter zu lassen. Wir liefern an allen Tagen der Woche.<\/p>\n<p><span style=\"text-decoration: underline;\"><strong>Wie viele Eisw\u00fcrfel ben\u00f6tige ich?<\/strong><\/span><\/p>\n<p>Wir liefern j\u00e4hrlich Eisw\u00fcrfel f\u00fcr mehr als 2.000 Veranstaltungen. Aufgrund dieser Erfahrung empfehlen wir 25 kg Eis (1 gro\u00dfes Thermofass) f\u00fcr ca. 40 G\u00e4ste oder umgerechnet ca. 10 Getr\u00e4nke \/ Cocktails pro Kilo Eisw\u00fcrfel.<\/p>\n<p><span style=\"text-decoration: underline;\"><strong>Was soll ich mit den F\u00e4ssern tun?<\/strong><\/span><\/p>\n<p>Wir m\u00f6chten die Thermobeh\u00e4lter sammeln, in denen Sie Ihre Eisw\u00fcrfel erhalten haben. Als Teil unserer nachhaltigen Bem\u00fchungen fordern wir Sie auf, uns zu kontaktieren, wenn Sie den Thermobeh\u00e4lter nicht mehr ben\u00f6tigen.<\/p>\n<p>Solltest Du weitere Fragen haben, kannst Du uns jederzeit <span style=\"text-decoration: underline;\"><a href=\"http:\/\/icemallorca.com\/de\/kontaktiere-uns\/\">kontaktieren<\/a><\/span>. Schreibe uns auch gerne auf unserer <a href=\"https:\/\/www.facebook.com\/icemallorca\/\" target=\"_blank\" rel=\"noopener\"> Facebook-Seite<\/a>.[\/et_pb_toggle][et_pb_toggle title=&#8220;Spezifikationen&#8220; open_toggle_text_color=&#8220;#333333&#8243; open_toggle_background_color=&#8220;#f2f7f8&#8243; closed_toggle_text_color=&#8220;#333333&#8243; closed_toggle_background_color=&#8220;#f2f7f8&#8243; icon_color=&#8220;#0096df&#8220; open_icon_color=&#8220;#0096df&#8220; module_class=&#8220;Togglekat&#8220; _builder_version=&#8220;4.16&#8243; title_text_color=&#8220;#333333&#8243; title_font=&#8220;Poppins|600||on|||||&#8220; title_font_size=&#8220;14px&#8220; title_letter_spacing=&#8220;2px&#8220; closed_title_font=&#8220;Poppins|600|||||||&#8220; closed_title_font_size=&#8220;14px&#8220; closed_title_letter_spacing=&#8220;2px&#8220; body_font=&#8220;Poppins||||||||&#8220; body_text_color=&#8220;#333333&#8243; body_font_size=&#8220;14px&#8220; body_letter_spacing=&#8220;1px&#8220; body_line_height=&#8220;1.3em&#8220; text_orientation=&#8220;left&#8220; border_color_all=&#8220;#efefef&#8220; global_colors_info=&#8220;{}&#8220;]<span style=\"text-decoration: underline;\"><strong>Beutel<\/strong><\/span><br \/>\nGewicht ca.  8 kg.<br \/>\nInhalt: ca. 8 kg.<\/p>\n<p><span style=\"text-decoration: underline;\"><strong>Kleines Fass<\/strong><\/span><br \/>\nDurchmesser: 420 mm.<br \/>\nIsolierung: 30 mm.<br \/>\nH\u00f6he: 355 mm.<br \/>\nGewicht ca. 13 kg.<br \/>\nInhalt: ca. 12 kg.<\/p>\n<p><span style=\"text-decoration: underline;\"><strong>Gro\u00dfes Fass<\/strong><\/span><br \/>\nDurchmesser: 420 mm.<br \/>\nIsolierung: 40 mm.<br \/>\nH\u00f6he: 625 mm.<br \/>\nGewicht ca. 27 kg.<br \/>\nInhalt: 25 kg.[\/et_pb_toggle][\/et_pb_column][et_pb_column type=&#8220;1_2&#8243; _builder_version=&#8220;4.16&#8243; _module_preset=&#8220;default&#8220; global_colors_info=&#8220;{}&#8220;][et_pb_toggle title=&#8220;Versandpreise&#8220; open_toggle_text_color=&#8220;#333333&#8243; open_toggle_background_color=&#8220;#f2f7f8&#8243; closed_toggle_text_color=&#8220;#333333&#8243; closed_toggle_background_color=&#8220;#f2f7f8&#8243; icon_color=&#8220;#0096df&#8220; open_icon_color=&#8220;#0096df&#8220; module_class=&#8220;Togglekat&#8220; _builder_version=&#8220;4.20.4&#8243; title_text_color=&#8220;#333333&#8243; title_font=&#8220;Poppins|600||on|||||&#8220; title_font_size=&#8220;14px&#8220; title_letter_spacing=&#8220;2px&#8220; closed_title_font=&#8220;Poppins|600|||||||&#8220; closed_title_font_size=&#8220;14px&#8220; closed_title_letter_spacing=&#8220;2px&#8220; body_font=&#8220;Poppins||||||||&#8220; body_text_color=&#8220;#333333&#8243; body_font_size=&#8220;14px&#8220; body_letter_spacing=&#8220;1px&#8220; body_line_height=&#8220;1.3em&#8220; text_orientation=&#8220;left&#8220; border_color_all=&#8220;#efefef&#8220; global_colors_info=&#8220;{}&#8220;]IceMallorca liefert Eisw\u00fcrfel und Crushed Ice auf der ganzen Insel innerhalb von 6 Stunden. Unsere Versandkosten sind f\u00fcr die ganze Insel gleich.[\/et_pb_toggle][et_pb_toggle title=&#8220;Unsere garantien&#8220; open_toggle_text_color=&#8220;#333333&#8243; open_toggle_background_color=&#8220;#f2f7f8&#8243; closed_toggle_text_color=&#8220;#333333&#8243; closed_toggle_background_color=&#8220;#f2f7f8&#8243; icon_color=&#8220;#0096df&#8220; open_icon_color=&#8220;#0096df&#8220; module_class=&#8220;Togglekat&#8220; _builder_version=&#8220;4.20.4&#8243; title_text_color=&#8220;#333333&#8243; title_font=&#8220;Poppins|600||on|||||&#8220; title_font_size=&#8220;14px&#8220; title_letter_spacing=&#8220;2px&#8220; closed_title_font=&#8220;Poppins|600|||||||&#8220; closed_title_font_size=&#8220;14px&#8220; closed_title_letter_spacing=&#8220;2px&#8220; body_font=&#8220;Poppins||||||||&#8220; body_text_color=&#8220;#333333&#8243; body_font_size=&#8220;14px&#8220; body_letter_spacing=&#8220;1px&#8220; body_line_height=&#8220;1.3em&#8220; text_orientation=&#8220;left&#8220; border_color_all=&#8220;#efefef&#8220; locked=&#8220;off&#8220; global_colors_info=&#8220;{}&#8220;]<u><strong>Preisgarantie:<\/strong><\/u><\/p>\n<p>Wir haben die niedrigsten Preise auf der Insel. Unser qualifiziertes Personal \u00fcberpr\u00fcft und passt die Preise w\u00f6chentlich an, so dass wir immer die g\u00fcnstigsten Eisw\u00fcrfel auf dem Markt f\u00fcr Ihre Veranstaltung liefern.<\/p>\n<p><u><strong>P\u00fcnktliche oder kostenfreie Lieferung:<\/strong><\/u><\/p>\n<p>Wir liefern immer p\u00fcnktlich. Bei einer Versp\u00e4tung von mehr als 45 Minuten gibt es eine \u201cP\u00fcnktlich oder kostenlos\u201d-Garantie, was bedeutet, dass du den Artikel nicht bezahlen musst.<\/p>\n<p><u><strong>Zufriedenheitsgarantie:<\/strong><\/u><\/p>\n<p>Wir garantieren unser Produkt. Wenn du also unzufrieden bist, erh\u00e4ltst du dein Geld zur\u00fcck.[\/et_pb_toggle][\/et_pb_column][\/et_pb_row][\/et_pb_section][et_pb_section fb_built=&#8220;1&#8243; _builder_version=&#8220;4.16&#8243; _module_preset=&#8220;default&#8220; background_color=&#8220;#f2f7f8&#8243; custom_margin=&#8220;||||false|false&#8220; custom_padding=&#8220;||0px||false|false&#8220; locked=&#8220;off&#8220; global_colors_info=&#8220;{}&#8220;][et_pb_row _builder_version=&#8220;4.16&#8243; _module_preset=&#8220;default&#8220; custom_padding=&#8220;||100px||false|false&#8220; locked=&#8220;off&#8220; global_colors_info=&#8220;{}&#8220;][et_pb_column type=&#8220;4_4&#8243; _builder_version=&#8220;4.16&#8243; _module_preset=&#8220;default&#8220; global_colors_info=&#8220;{}&#8220;][et_pb_text _builder_version=&#8220;4.16&#8243; _module_preset=&#8220;default&#8220; text_font=&#8220;Poppins|600|||||||&#8220; text_text_color=&#8220;#333333&#8243; text_font_size=&#8220;25px&#8220; text_letter_spacing=&#8220;1px&#8220; header_font=&#8220;Poppins|600|||||||&#8220; header_text_color=&#8220;#8300e9&#8243; header_2_font=&#8220;Poppins|600|||||||&#8220; header_2_text_color=&#8220;#333333&#8243; header_2_font_size=&#8220;30px&#8220; text_orientation=&#8220;center&#8220; custom_margin=&#8220;||||false|false&#8220; custom_margin_tablet=&#8220;&#8220; custom_margin_phone=&#8220;&#8220; custom_margin_last_edited=&#8220;on|tablet&#8220; custom_padding=&#8220;15px||5px||false|false&#8220; header_line_height_tablet=&#8220;&#8220; header_line_height_phone=&#8220;&#8220; header_line_height_last_edited=&#8220;on|desktop&#8220; header_2_line_height_tablet=&#8220;1.5em&#8220; header_2_line_height_phone=&#8220;1.5em&#8220; header_2_line_height_last_edited=&#8220;on|phone&#8220; global_colors_info=&#8220;{}&#8220;]<\/p>\n<h2 style=\"text-align: center;\">Peppe Deine Party auf und w\u00e4hle das richtige Zubeh\u00f6r<\/h2>\n<p>[\/et_pb_text][dgpc_product_carousel type=&#8220;product_category&#8220; include_categories=&#8220;156&#8243; orderby=&#8220;price&#8220; add_to_cart=&#8220;on&#8220; show_items_desktop=&#8220;3&#8243; show_items_tablet=&#8220;2&#8243; arrow_nav=&#8220;on&#8220; dot_nav=&#8220;on&#8220; equal_height=&#8220;on&#8220; overlay=&#8220;on&#8220; ovarlay_color=&#8220;rgba(0,150,223,0.18)&#8220; sale_badge_backgeound=&#8220;#93dad8&#8243; cart_button_position=&#8220;bottom&#8220; cart_button_alignment=&#8220;center&#8220; cart_background=&#8220;#0096df&#8220; cart_background_hover=&#8220;#0096df&#8220; review_color=&#8220;#333333&#8243; review_bg_color=&#8220;#ffffff&#8220; nav_font_size=&#8220;35px&#8220; arrow_color=&#8220;#0096df&#8220; arrow_background=&#8220;#efefef&#8220; arrow_inside=&#8220;on&#8220; dots_color=&#8220;#e0e0e0&#8243; dots_active_color=&#8220;#93dad8&#8243; dot_circle=&#8220;off&#8220; background_hover_set=&#8220;on&#8220; background_hover=&#8220;rgba(0,150,223,0.12)&#8220; content_margin=&#8220;30px||||false|false&#8220; add_to_cart_margin=&#8220;20px||20px||true|false&#8220; admin_label=&#8220;Product Carousel&#8220; _builder_version=&#8220;4.16&#8243; _module_preset=&#8220;default&#8220; title_font=&#8220;Poppins|600|||||||&#8220; title_text_align=&#8220;center&#8220; title_text_color=&#8220;#333333&#8243; title_font_size=&#8220;20px&#8220; title_letter_spacing=&#8220;2px&#8220; price_font=&#8220;Poppins|600|||||||&#8220; price_text_align=&#8220;center&#8220; price_text_color=&#8220;#0096df&#8220; price_font_size=&#8220;15px&#8220; price_letter_spacing=&#8220;1px&#8220; description_font=&#8220;Poppins||||||||&#8220; description_text_color=&#8220;#333333&#8243; description_font_size=&#8220;12px&#8220; description_letter_spacing=&#8220;1px&#8220; sale_font=&#8220;Poppins|600|||||||&#8220; sale_text_align=&#8220;right&#8220; sale_text_color=&#8220;#ffffff&#8220; sale_font_size=&#8220;13px&#8220; sale_letter_spacing=&#8220;1px&#8220; cart_font=&#8220;Poppins|700|||||||&#8220; cart_text_align=&#8220;center&#8220; cart_text_color=&#8220;#ffffff&#8220; cart_font_size=&#8220;11px&#8220; cart_letter_spacing=&#8220;2px&#8220; background_color=&#8220;#ffffff&#8220; custom_padding=&#8220;5px||15px||false|false&#8220; border_radii_add_to_cart=&#8220;off||||&#8220; global_colors_info=&#8220;{}&#8220;][\/dgpc_product_carousel][\/et_pb_column][\/et_pb_row][\/et_pb_section]<\/p>\n","protected":false},"excerpt":{"rendered":"<p>W\u00e4hle zwischen 10 kg. in einer Box, 12 kg. im Thermofass oder 25 kg. im Thermofass.<\/p>\n<p>Crushed Ice von IceMallorca kann f\u00fcr jeden Anlass verwendet werden.\u00a0<strong>Wir produzieren Crushed Ice j\u00e4hrlich f\u00fcr \u00fcber 2.000 Events, Veranstaltungen, Festivals, Firmenfeiern, Konzerte, Empf\u00e4nge, Messen, Hochzeiten, Geburtstage\u00a0<\/strong>und mehr.<br \/>\nWir empfehlen immer, Crushed Ice in unseren 12 kg. oder 25kg. Thermof\u00e4ssern zu kaufen.<\/p>\n<p>In unseren Thermof\u00e4ssern h\u00e4lt sich das Crushed Ice mindestens 2 Tage in gem\u00e4\u00dfigten Klimazonen.\u00a0<strong>Es ist aber auch m\u00f6glich\u00a0<\/strong>unser Crushed Ice in unserer 10 kg. Box zu kaufen.<\/p>\n","protected":false},"featured_media":9909,"template":"","meta":{"_et_pb_use_builder":"on","_et_pb_old_content":"","_et_gb_content_width":"","inline_featured_image":false},"product_brand":[],"product_cat":[],"product_tag":[],"class_list":{"0":"post-9907","1":"product","2":"type-product","3":"status-publish","4":"has-post-thumbnail","7":"first","8":"instock","9":"taxable","10":"shipping-taxable","11":"purchasable","12":"product-type-variable"},"yoast_head":"<!-- This site is optimized with the Yoast SEO plugin v27.0 - https:\/\/yoast.com\/product\/yoast-seo-wordpress\/ -->\n<title>Crushed Ice - IceMallorca<\/title>\n<meta name=\"robots\" content=\"index, follow, max-snippet:-1, max-image-preview:large, max-video-preview:-1\" \/>\n<link rel=\"canonical\" href=\"https:\/\/icemallorca.com\/de\/produkt\/crushed-ice\/\" \/>\n<meta property=\"og:locale\" content=\"de_DE\" \/>\n<meta property=\"og:type\" content=\"article\" \/>\n<meta property=\"og:title\" content=\"Crushed Ice - IceMallorca\" \/>\n<meta property=\"og:description\" content=\"W\u00e4hle zwischen 10 kg. in einer Box, 12 kg. im Thermofass oder 25 kg. im Thermofass.  Crushed Ice von IceMallorca kann f\u00fcr jeden Anlass verwendet werden.\u00a0Wir produzieren Crushed Ice j\u00e4hrlich f\u00fcr \u00fcber 2.000 Events, Veranstaltungen, Festivals, Firmenfeiern, Konzerte, Empf\u00e4nge, Messen, Hochzeiten, Geburtstage\u00a0und mehr. Wir empfehlen immer, Crushed Ice in unseren 12 kg. oder 25kg. Thermof\u00e4ssern zu kaufen.  In unseren Thermof\u00e4ssern h\u00e4lt sich das Crushed Ice mindestens 2 Tage in gem\u00e4\u00dfigten Klimazonen.\u00a0Es ist aber auch m\u00f6glich\u00a0unser Crushed Ice in unserer 10 kg. Box zu kaufen.\" \/>\n<meta property=\"og:url\" content=\"https:\/\/icemallorca.com\/de\/produkt\/crushed-ice\/\" \/>\n<meta property=\"og:site_name\" content=\"IceMallorca\" \/>\n<meta property=\"article:modified_time\" content=\"2023-06-06T11:25:44+00:00\" \/>\n<meta property=\"og:image\" content=\"https:\/\/icemallorca.com\/wp-content\/uploads\/2020\/09\/Produkt-Knust-is-i-boks-10-kg.jpg\" \/>\n\t<meta property=\"og:image:width\" content=\"600\" \/>\n\t<meta property=\"og:image:height\" content=\"612\" \/>\n\t<meta property=\"og:image:type\" content=\"image\/jpeg\" \/>\n<meta name=\"twitter:card\" content=\"summary_large_image\" \/>\n<meta name=\"twitter:label1\" content=\"Gesch\u00e4tzte Lesezeit\" \/>\n\t<meta name=\"twitter:data1\" content=\"3\u00a0Minuten\" \/>\n<script type=\"application\/ld+json\" class=\"yoast-schema-graph\">{\"@context\":\"https:\/\/schema.org\",\"@graph\":[{\"@type\":\"WebPage\",\"@id\":\"https:\/\/icemallorca.com\/de\/produkt\/crushed-ice\/\",\"url\":\"https:\/\/icemallorca.com\/de\/produkt\/crushed-ice\/\",\"name\":\"Crushed Ice - IceMallorca\",\"isPartOf\":{\"@id\":\"https:\/\/icemallorca.com\/de\/#website\"},\"primaryImageOfPage\":{\"@id\":\"https:\/\/icemallorca.com\/de\/produkt\/crushed-ice\/#primaryimage\"},\"image\":{\"@id\":\"https:\/\/icemallorca.com\/de\/produkt\/crushed-ice\/#primaryimage\"},\"thumbnailUrl\":\"https:\/\/icemallorca.com\/wp-content\/uploads\/2020\/09\/Produkt-Knust-is-i-boks-10-kg.jpg\",\"datePublished\":\"2021-09-28T09:29:25+00:00\",\"dateModified\":\"2023-06-06T11:25:44+00:00\",\"breadcrumb\":{\"@id\":\"https:\/\/icemallorca.com\/de\/produkt\/crushed-ice\/#breadcrumb\"},\"inLanguage\":\"de\",\"potentialAction\":[{\"@type\":\"ReadAction\",\"target\":[\"https:\/\/icemallorca.com\/de\/produkt\/crushed-ice\/\"]}]},{\"@type\":\"ImageObject\",\"inLanguage\":\"de\",\"@id\":\"https:\/\/icemallorca.com\/de\/produkt\/crushed-ice\/#primaryimage\",\"url\":\"https:\/\/icemallorca.com\/wp-content\/uploads\/2020\/09\/Produkt-Knust-is-i-boks-10-kg.jpg\",\"contentUrl\":\"https:\/\/icemallorca.com\/wp-content\/uploads\/2020\/09\/Produkt-Knust-is-i-boks-10-kg.jpg\",\"width\":600,\"height\":612,\"caption\":\"10 kg. knust is i boks\"},{\"@type\":\"BreadcrumbList\",\"@id\":\"https:\/\/icemallorca.com\/de\/produkt\/crushed-ice\/#breadcrumb\",\"itemListElement\":[{\"@type\":\"ListItem\",\"position\":1,\"name\":\"Hjem\",\"item\":\"https:\/\/icemallorca.com\/de\/\"},{\"@type\":\"ListItem\",\"position\":2,\"name\":\"Shop\",\"item\":\"https:\/\/icemallorca.com\/shop\/\"},{\"@type\":\"ListItem\",\"position\":3,\"name\":\"Crushed Ice\"}]},{\"@type\":\"WebSite\",\"@id\":\"https:\/\/icemallorca.com\/de\/#website\",\"url\":\"https:\/\/icemallorca.com\/de\/\",\"name\":\"IceMallorca\",\"description\":\"Hielo con un buen prop\u00f3sito\",\"publisher\":{\"@id\":\"https:\/\/icemallorca.com\/de\/#organization\"},\"potentialAction\":[{\"@type\":\"SearchAction\",\"target\":{\"@type\":\"EntryPoint\",\"urlTemplate\":\"https:\/\/icemallorca.com\/de\/?s={search_term_string}\"},\"query-input\":{\"@type\":\"PropertyValueSpecification\",\"valueRequired\":true,\"valueName\":\"search_term_string\"}}],\"inLanguage\":\"de\"},{\"@type\":\"Organization\",\"@id\":\"https:\/\/icemallorca.com\/de\/#organization\",\"name\":\"Isklart\",\"url\":\"https:\/\/icemallorca.com\/de\/\",\"logo\":{\"@type\":\"ImageObject\",\"inLanguage\":\"de\",\"@id\":\"https:\/\/icemallorca.com\/de\/#\/schema\/logo\/image\/\",\"url\":\"http:\/\/icemallorca.com\/wp-content\/uploads\/2018\/11\/sss.png\",\"contentUrl\":\"http:\/\/icemallorca.com\/wp-content\/uploads\/2018\/11\/sss.png\",\"width\":300,\"height\":118,\"caption\":\"Isklart\"},\"image\":{\"@id\":\"https:\/\/icemallorca.com\/de\/#\/schema\/logo\/image\/\"}}]}<\/script>\n<!-- \/ Yoast SEO plugin. -->","yoast_head_json":{"title":"Crushed Ice - IceMallorca","robots":{"index":"index","follow":"follow","max-snippet":"max-snippet:-1","max-image-preview":"max-image-preview:large","max-video-preview":"max-video-preview:-1"},"canonical":"https:\/\/icemallorca.com\/de\/produkt\/crushed-ice\/","og_locale":"de_DE","og_type":"article","og_title":"Crushed Ice - IceMallorca","og_description":"W\u00e4hle zwischen 10 kg. in einer Box, 12 kg. im Thermofass oder 25 kg. im Thermofass.  Crushed Ice von IceMallorca kann f\u00fcr jeden Anlass verwendet werden.\u00a0Wir produzieren Crushed Ice j\u00e4hrlich f\u00fcr \u00fcber 2.000 Events, Veranstaltungen, Festivals, Firmenfeiern, Konzerte, Empf\u00e4nge, Messen, Hochzeiten, Geburtstage\u00a0und mehr. Wir empfehlen immer, Crushed Ice in unseren 12 kg. oder 25kg. Thermof\u00e4ssern zu kaufen.  In unseren Thermof\u00e4ssern h\u00e4lt sich das Crushed Ice mindestens 2 Tage in gem\u00e4\u00dfigten Klimazonen.\u00a0Es ist aber auch m\u00f6glich\u00a0unser Crushed Ice in unserer 10 kg. Box zu kaufen.","og_url":"https:\/\/icemallorca.com\/de\/produkt\/crushed-ice\/","og_site_name":"IceMallorca","article_modified_time":"2023-06-06T11:25:44+00:00","og_image":[{"width":600,"height":612,"url":"https:\/\/icemallorca.com\/wp-content\/uploads\/2020\/09\/Produkt-Knust-is-i-boks-10-kg.jpg","type":"image\/jpeg"}],"twitter_card":"summary_large_image","twitter_misc":{"Gesch\u00e4tzte Lesezeit":"3\u00a0Minuten"},"schema":{"@context":"https:\/\/schema.org","@graph":[{"@type":"WebPage","@id":"https:\/\/icemallorca.com\/de\/produkt\/crushed-ice\/","url":"https:\/\/icemallorca.com\/de\/produkt\/crushed-ice\/","name":"Crushed Ice - IceMallorca","isPartOf":{"@id":"https:\/\/icemallorca.com\/de\/#website"},"primaryImageOfPage":{"@id":"https:\/\/icemallorca.com\/de\/produkt\/crushed-ice\/#primaryimage"},"image":{"@id":"https:\/\/icemallorca.com\/de\/produkt\/crushed-ice\/#primaryimage"},"thumbnailUrl":"https:\/\/icemallorca.com\/wp-content\/uploads\/2020\/09\/Produkt-Knust-is-i-boks-10-kg.jpg","datePublished":"2021-09-28T09:29:25+00:00","dateModified":"2023-06-06T11:25:44+00:00","breadcrumb":{"@id":"https:\/\/icemallorca.com\/de\/produkt\/crushed-ice\/#breadcrumb"},"inLanguage":"de","potentialAction":[{"@type":"ReadAction","target":["https:\/\/icemallorca.com\/de\/produkt\/crushed-ice\/"]}]},{"@type":"ImageObject","inLanguage":"de","@id":"https:\/\/icemallorca.com\/de\/produkt\/crushed-ice\/#primaryimage","url":"https:\/\/icemallorca.com\/wp-content\/uploads\/2020\/09\/Produkt-Knust-is-i-boks-10-kg.jpg","contentUrl":"https:\/\/icemallorca.com\/wp-content\/uploads\/2020\/09\/Produkt-Knust-is-i-boks-10-kg.jpg","width":600,"height":612,"caption":"10 kg. knust is i boks"},{"@type":"BreadcrumbList","@id":"https:\/\/icemallorca.com\/de\/produkt\/crushed-ice\/#breadcrumb","itemListElement":[{"@type":"ListItem","position":1,"name":"Hjem","item":"https:\/\/icemallorca.com\/de\/"},{"@type":"ListItem","position":2,"name":"Shop","item":"https:\/\/icemallorca.com\/shop\/"},{"@type":"ListItem","position":3,"name":"Crushed Ice"}]},{"@type":"WebSite","@id":"https:\/\/icemallorca.com\/de\/#website","url":"https:\/\/icemallorca.com\/de\/","name":"IceMallorca","description":"Hielo con un buen prop\u00f3sito","publisher":{"@id":"https:\/\/icemallorca.com\/de\/#organization"},"potentialAction":[{"@type":"SearchAction","target":{"@type":"EntryPoint","urlTemplate":"https:\/\/icemallorca.com\/de\/?s={search_term_string}"},"query-input":{"@type":"PropertyValueSpecification","valueRequired":true,"valueName":"search_term_string"}}],"inLanguage":"de"},{"@type":"Organization","@id":"https:\/\/icemallorca.com\/de\/#organization","name":"Isklart","url":"https:\/\/icemallorca.com\/de\/","logo":{"@type":"ImageObject","inLanguage":"de","@id":"https:\/\/icemallorca.com\/de\/#\/schema\/logo\/image\/","url":"http:\/\/icemallorca.com\/wp-content\/uploads\/2018\/11\/sss.png","contentUrl":"http:\/\/icemallorca.com\/wp-content\/uploads\/2018\/11\/sss.png","width":300,"height":118,"caption":"Isklart"},"image":{"@id":"https:\/\/icemallorca.com\/de\/#\/schema\/logo\/image\/"}}]}},"_links":{"self":[{"href":"https:\/\/icemallorca.com\/de\/wp-json\/wp\/v2\/product\/9907","targetHints":{"allow":["GET"]}}],"collection":[{"href":"https:\/\/icemallorca.com\/de\/wp-json\/wp\/v2\/product"}],"about":[{"href":"https:\/\/icemallorca.com\/de\/wp-json\/wp\/v2\/types\/product"}],"wp:featuredmedia":[{"embeddable":true,"href":"https:\/\/icemallorca.com\/de\/wp-json\/wp\/v2\/media\/9909"}],"wp:attachment":[{"href":"https:\/\/icemallorca.com\/de\/wp-json\/wp\/v2\/media?parent=9907"}],"wp:term":[{"taxonomy":"product_brand","embeddable":true,"href":"https:\/\/icemallorca.com\/de\/wp-json\/wp\/v2\/product_brand?post=9907"},{"taxonomy":"product_cat","embeddable":true,"href":"https:\/\/icemallorca.com\/de\/wp-json\/wp\/v2\/product_cat?post=9907"},{"taxonomy":"product_tag","embeddable":true,"href":"https:\/\/icemallorca.com\/de\/wp-json\/wp\/v2\/product_tag?post=9907"}],"curies":[{"name":"wp","href":"https:\/\/api.w.org\/{rel}","templated":true}]}}